{"id":64,"date":"2022-11-21T19:34:36","date_gmt":"2022-11-21T18:34:36","guid":{"rendered":"http:\/\/192.168.1.85\/lesdesjantes2\/?page_id=64"},"modified":"2023-11-14T18:02:10","modified_gmt":"2023-11-14T17:02:10","slug":"qui-sommes-nous","status":"publish","type":"page","link":"https:\/\/lesdesjantes.fr\/index.php\/qui-sommes-nous\/","title":{"rendered":"Qui sommes-nous ?"},"content":{"rendered":"<p>[et_pb_section fb_built=\u00a0\u00bb1&Prime; admin_label=\u00a0\u00bbHeader\u00a0\u00bb _builder_version=\u00a0\u00bb4.17.4&Prime; _module_preset=\u00a0\u00bbdefault\u00a0\u00bb background_color=\u00a0\u00bb#F9F6F5&Prime; custom_padding=\u00a0\u00bb||0px||false|false\u00a0\u00bb collapsed=\u00a0\u00bbon\u00a0\u00bb global_colors_info=\u00a0\u00bb{}\u00a0\u00bb][et_pb_row _builder_version=\u00a0\u00bb4.16&Prime; _module_preset=\u00a0\u00bbdefault\u00a0\u00bb global_colors_info=\u00a0\u00bb{}\u00a0\u00bb][et_pb_column type=\u00a0\u00bb4_4&Prime; _builder_version=\u00a0\u00bb4.16&Prime; _module_preset=\u00a0\u00bbdefault\u00a0\u00bb global_colors_info=\u00a0\u00bb{}\u00a0\u00bb][et_pb_text _builder_version=\u00a0\u00bb4.19.1&Prime; _module_preset=\u00a0\u00bbc16985e1-e0d6-4022-964d-e2bfc04fa633&Prime; header_font=\u00a0\u00bbLibre Bodoni|700|||||||\u00a0\u00bb header_text_color=\u00a0\u00bb#171B20&Prime; header_font_size=\u00a0\u00bb41px\u00a0\u00bb header_line_height=\u00a0\u00bb1.2em\u00a0\u00bb background_color=\u00a0\u00bb#FFFFFF\u00a0\u00bb width=\u00a0\u00bb100%\u00a0\u00bb custom_margin=\u00a0\u00bb||||false|false\u00a0\u00bb custom_padding=\u00a0\u00bb20px||||false|false\u00a0\u00bb header_font_size_tablet=\u00a0\u00bb40px\u00a0\u00bb header_font_size_phone=\u00a0\u00bb24px\u00a0\u00bb header_font_size_last_edited=\u00a0\u00bbon|desktop\u00a0\u00bb border_radii=\u00a0\u00bbon|25px|25px|25px|25px\u00a0\u00bb inline_fonts=\u00a0\u00bbComfortaa,Codystar\u00a0\u00bb global_colors_info=\u00a0\u00bb{}\u00a0\u00bb]<\/p>\n<h1 style=\"text-align: center;\"><strong><span style=\"font-family: Codystar;\">QUI SOMMES-NOUS ?<\/span><\/strong><\/h1>\n<p>[\/et_pb_text][\/et_pb_column][\/et_pb_row][et_pb_row column_structure=\u00a0\u00bb1_3,2_3&Prime; make_equal=\u00a0\u00bbon\u00a0\u00bb _builder_version=\u00a0\u00bb4.19.1&Prime; _module_preset=\u00a0\u00bbdefault\u00a0\u00bb background_color=\u00a0\u00bb#FFFFFF\u00a0\u00bb background_image=\u00a0\u00bbhttp:\/\/192.168.1.85\/lesdesjantes2\/wp-content\/uploads\/2022\/11\/toy-store-37.png\u00a0\u00bb custom_margin=\u00a0\u00bb||||false|false\u00a0\u00bb custom_margin_tablet=\u00a0\u00bb||||false|false\u00a0\u00bb custom_margin_phone=\u00a0\u00bb||||false|false\u00a0\u00bb custom_margin_last_edited=\u00a0\u00bbon|phone\u00a0\u00bb global_colors_info=\u00a0\u00bb{}\u00a0\u00bb][et_pb_column type=\u00a0\u00bb1_3&Prime; _builder_version=\u00a0\u00bb4.19.1&Prime; _module_preset=\u00a0\u00bbdefault\u00a0\u00bb z_index=\u00a0\u00bb10&Prime; custom_padding=\u00a0\u00bb15%||||false|false\u00a0\u00bb custom_padding_tablet=\u00a0\u00bb0%||||false|false\u00a0\u00bb custom_padding_phone=\u00a0\u00bb0%||||false|false\u00a0\u00bb custom_padding_last_edited=\u00a0\u00bbon|phone\u00a0\u00bb global_colors_info=\u00a0\u00bb{}\u00a0\u00bb][et_pb_text _builder_version=\u00a0\u00bb4.19.1&Prime; _module_preset=\u00a0\u00bb1f09816e-184e-4ce5-a4cf-b39c52c423ca\u00a0\u00bb text_font=\u00a0\u00bbJost||||||||\u00a0\u00bb text_text_color=\u00a0\u00bbrgba(0,0,0,0.58)\u00a0\u00bb text_font_size=\u00a0\u00bb20px\u00a0\u00bb text_line_height=\u00a0\u00bb1.6em\u00a0\u00bb custom_margin=\u00a0\u00bb|||20px|false|false\u00a0\u00bb text_font_size_tablet=\u00a0\u00bb15px\u00a0\u00bb text_font_size_phone=\u00a0\u00bb14px\u00a0\u00bb text_font_size_last_edited=\u00a0\u00bbon|phone\u00a0\u00bb header_font_size_tablet=\u00a0\u00bb55px\u00a0\u00bb header_font_size_last_edited=\u00a0\u00bboff|desktop\u00a0\u00bb global_colors_info=\u00a0\u00bb{}\u00a0\u00bb]<\/p>\n<p>L&rsquo;Association<span>\u00a0<\/span><strong>LES DESJANTES<\/strong>, bas\u00e9e \u00e0<span>\u00a0<\/span><strong>Sainte Marie de R\u00e9<\/strong>, regroupe des amateurs du jeu <span style=\"color: rgba(224, 43, 32, 0.58);\"><strong>Formule D\u00e9\/Formula D<\/strong><\/span>.<\/p>\n<p>[\/et_pb_text][\/et_pb_column][et_pb_column type=\u00a0\u00bb2_3&Prime; _builder_version=\u00a0\u00bb4.19.1&Prime; _module_preset=\u00a0\u00bbdefault\u00a0\u00bb global_colors_info=\u00a0\u00bb{}\u00a0\u00bb][et_pb_image src=\u00a0\u00bbhttps:\/\/lesdesjantes.fr\/wp-content\/uploads\/2022\/11\/24799539_1747324658612172_1150679256093374661_o-Copier.jpg\u00a0\u00bb title_text=\u00a0\u00bb24799539_1747324658612172_1150679256093374661_o (Copier)\u00a0\u00bb align=\u00a0\u00bbcenter\u00a0\u00bb _builder_version=\u00a0\u00bb4.19.1&Prime; _module_preset=\u00a0\u00bbdefault\u00a0\u00bb background_color=\u00a0\u00bb#FFFFFF\u00a0\u00bb background_image=\u00a0\u00bbhttp:\/\/192.168.1.85\/lesdesjantes2\/wp-content\/uploads\/2022\/11\/racing-gb0476c539_640.jpg\u00a0\u00bb parallax=\u00a0\u00bbon\u00a0\u00bb custom_margin=\u00a0\u00bb||||false|false\u00a0\u00bb scroll_vertical_motion_enable=\u00a0\u00bbon\u00a0\u00bb scroll_vertical_motion=\u00a0\u00bb0|50|50|100|1|0|-1&Prime; scroll_rotating=\u00a0\u00bb0|50|50|100|90|0|90\u00b0\u00a0\u00bb global_colors_info=\u00a0\u00bb{}\u00a0\u00bb][\/et_pb_image][\/et_pb_column][\/et_pb_row][\/et_pb_section][et_pb_section fb_built=\u00a0\u00bb1&Prime; admin_label=\u00a0\u00bbFeatured Products\u00a0\u00bb _builder_version=\u00a0\u00bb4.18.0&Prime; _module_preset=\u00a0\u00bbdefault\u00a0\u00bb background_color=\u00a0\u00bb#F9F6F5&Prime; custom_padding=\u00a0\u00bb24px||54px|||\u00a0\u00bb locked=\u00a0\u00bboff\u00a0\u00bb collapsed=\u00a0\u00bbon\u00a0\u00bb global_colors_info=\u00a0\u00bb{}\u00a0\u00bb][et_pb_row _builder_version=\u00a0\u00bb4.19.1&Prime; _module_preset=\u00a0\u00bbdefault\u00a0\u00bb global_colors_info=\u00a0\u00bb{}\u00a0\u00bb][et_pb_column type=\u00a0\u00bb4_4&Prime; _builder_version=\u00a0\u00bb4.19.1&Prime; _module_preset=\u00a0\u00bbdefault\u00a0\u00bb global_colors_info=\u00a0\u00bb{}\u00a0\u00bb][et_pb_text _builder_version=\u00a0\u00bb4.19.1&Prime; _module_preset=\u00a0\u00bbdefault\u00a0\u00bb text_font_size=\u00a0\u00bb16px\u00a0\u00bb global_colors_info=\u00a0\u00bb{}\u00a0\u00bb]<\/p>\n<p>Chaque ann\u00e9e, plusieurs comp\u00e9titions sont organis\u00e9es.<\/p>\n<p>L&rsquo;\u00e9preuve reine est sans nul doute \u00ab<strong><span style=\"color: #993300;\">Les 24 heures de l&rsquo;Ile de R\u00e9<\/span><\/strong> \u00bb, qui se d\u00e9roule en \u00e9quipages sur 10 \u00e0 12 voitures le premier week-end de d\u00e9cembre. Cette manifestation regoupe une cinquantaine de pilotes, et autant de b\u00e9n\u00e9voles pour encadrer tout ce petit monde (arbitrage, chrom\u00e9trage&#8230;).<\/p>\n<p>De grands enfants de 7 \u00e0 plus de 77 ans au volant de mini bolides pour s&rsquo;affronter sur un circuit de carton&#8230;<\/p>\n<p>[\/et_pb_text][et_pb_text _builder_version=\u00a0\u00bb4.23.1&Prime; _dynamic_attributes=\u00a0\u00bblink_option_url\u00a0\u00bb _module_preset=\u00a0\u00bbc16985e1-e0d6-4022-964d-e2bfc04fa633&Prime; header_font=\u00a0\u00bb|700|||||||\u00a0\u00bb header_text_color=\u00a0\u00bb#171B20&Prime; header_font_size=\u00a0\u00bb75px\u00a0\u00bb header_line_height=\u00a0\u00bb1.7em\u00a0\u00bb background_color=\u00a0\u00bb#11dda1&Prime; text_orientation=\u00a0\u00bbcenter\u00a0\u00bb width=\u00a0\u00bb100%\u00a0\u00bb custom_margin=\u00a0\u00bb||||false|false\u00a0\u00bb custom_padding=\u00a0\u00bb40px||20px||false|false\u00a0\u00bb link_option_url=\u00a0\u00bb@ET-DC@eyJkeW5hbWljIjp0cnVlLCJjb250ZW50IjoicG9zdF9saW5rX3VybF9wYWdlIiwic2V0dGluZ3MiOnsicG9zdF9pZCI6IjU5OSJ9fQ==@\u00a0\u00bb text_line_height_tablet=\u00a0\u00bb\u00a0\u00bb text_line_height_phone=\u00a0\u00bb1.7em\u00a0\u00bb text_line_height_last_edited=\u00a0\u00bbon|phone\u00a0\u00bb header_font_size_tablet=\u00a0\u00bb40px\u00a0\u00bb header_font_size_phone=\u00a0\u00bb24px\u00a0\u00bb header_font_size_last_edited=\u00a0\u00bbon|desktop\u00a0\u00bb header_line_height_tablet=\u00a0\u00bb1.7em\u00a0\u00bb header_line_height_phone=\u00a0\u00bb1.7em\u00a0\u00bb header_line_height_last_edited=\u00a0\u00bbon|phone\u00a0\u00bb header_2_line_height_tablet=\u00a0\u00bb\u00a0\u00bb header_2_line_height_phone=\u00a0\u00bb1.5em\u00a0\u00bb header_2_line_height_last_edited=\u00a0\u00bbon|phone\u00a0\u00bb border_radii=\u00a0\u00bbon|25px|25px|25px|25px\u00a0\u00bb inline_fonts=\u00a0\u00bbComfortaa\u00a0\u00bb global_colors_info=\u00a0\u00bb{}\u00a0\u00bb locked=\u00a0\u00bboff\u00a0\u00bb]<\/p>\n<h2 style=\"text-align: center;\"><span style=\"color: #ffffff;\"><strong><span style=\"font-family: Comfortaa; font-size: xx-large;\">LE MOT DU PRESIDENT<\/span><\/strong><\/span><\/h2>\n<p>[\/et_pb_text][\/et_pb_column][\/et_pb_row][\/et_pb_section]<\/p>\n","protected":false},"excerpt":{"rendered":"<p>QUI SOMMES-NOUS ?L&rsquo;Association\u00a0LES DESJANTES, bas\u00e9e \u00e0\u00a0Sainte Marie de R\u00e9, regroupe des amateurs du jeu Formule D\u00e9\/Formula D.Chaque ann\u00e9e, plusieurs comp\u00e9titions sont organis\u00e9es. L&rsquo;\u00e9preuve reine est sans nul doute \u00abLes 24 heures de l&rsquo;Ile de R\u00e9 \u00bb, qui se d\u00e9roule en \u00e9quipages sur 10 \u00e0 12 voitures le premier week-end de d\u00e9cembre. Cette manifestation regoupe une [&hellip;]<\/p>\n","protected":false},"author":2,"featured_media":0,"parent":0,"menu_order":0,"comment_status":"closed","ping_status":"closed","template":"","meta":{"_et_pb_use_builder":"on","_et_pb_old_content":"","_et_gb_content_width":"","footnotes":""},"class_list":["post-64","page","type-page","status-publish","hentry"],"_links":{"self":[{"href":"https:\/\/lesdesjantes.fr\/index.php\/wp-json\/wp\/v2\/pages\/64","targetHints":{"allow":["GET"]}}],"collection":[{"href":"https:\/\/lesdesjantes.fr\/index.php\/wp-json\/wp\/v2\/pages"}],"about":[{"href":"https:\/\/lesdesjantes.fr\/index.php\/wp-json\/wp\/v2\/types\/page"}],"author":[{"embeddable":true,"href":"https:\/\/lesdesjantes.fr\/index.php\/wp-json\/wp\/v2\/users\/2"}],"replies":[{"embeddable":true,"href":"https:\/\/lesdesjantes.fr\/index.php\/wp-json\/wp\/v2\/comments?post=64"}],"version-history":[{"count":20,"href":"https:\/\/lesdesjantes.fr\/index.php\/wp-json\/wp\/v2\/pages\/64\/revisions"}],"predecessor-version":[{"id":617,"href":"https:\/\/lesdesjantes.fr\/index.php\/wp-json\/wp\/v2\/pages\/64\/revisions\/617"}],"wp:attachment":[{"href":"https:\/\/lesdesjantes.fr\/index.php\/wp-json\/wp\/v2\/media?parent=64"}],"curies":[{"name":"wp","href":"https:\/\/api.w.org\/{rel}","templated":true}]}}